{"id":79,"date":"2015-07-10T07:31:51","date_gmt":"2015-07-10T06:31:51","guid":{"rendered":"http:\/\/www.relevesnotairesrhone.fr\/?page_id=79"},"modified":"2023-06-18T20:09:57","modified_gmt":"2023-06-18T19:09:57","slug":"page-accueuil","status":"publish","type":"page","link":"https:\/\/www.relevesnotairesrhone.fr\/","title":{"rendered":"RELEVES DE CONTRATS DE MARIAGE ET DE TESTAMENTS"},"content":{"rendered":"\n<figure class=\"wp-block-image size-large\"><img loading=\"lazy\" decoding=\"async\" width=\"863\" height=\"337\" src=\"https:\/\/www.relevesnotairesrhone.fr\/wp-content\/uploads\/2020\/07\/logo-3.jpg\" alt=\"\" class=\"wp-image-802\" srcset=\"https:\/\/www.relevesnotairesrhone.fr\/wp-content\/uploads\/2020\/07\/logo-3.jpg 863w, https:\/\/www.relevesnotairesrhone.fr\/wp-content\/uploads\/2020\/07\/logo-3-300x117.jpg 300w, https:\/\/www.relevesnotairesrhone.fr\/wp-content\/uploads\/2020\/07\/logo-3-768x300.jpg 768w, https:\/\/www.relevesnotairesrhone.fr\/wp-content\/uploads\/2020\/07\/logo-3-3x1.jpg 3w\" sizes=\"auto, (max-width: 863px) 100vw, 863px\" \/><\/figure>\n\n\n\n<p class=\"has-text-align-center\">L&rsquo;\u00e9tablissement d&rsquo;arbres g\u00e9n\u00e9alogiques n\u00e9cessite souvent la connaissance d&rsquo;actes notari\u00e9s en compl\u00e9ment des actes relatifs \u00e0 l&rsquo;\u00e9tat civil<\/p>\n\n\n\n<h2 class=\"wp-block-heading has-light-green-cyan-color has-text-color\"><strong>1 ACTES NOTARIES<\/strong><\/h2>\n\n\n\n<p>La liste des notaires du Rh\u00f4ne (voir pages NOTAIRES), dont les actes ont \u00e9t\u00e9 d\u00e9pouill\u00e9s, donne les renseignements suivants:<\/p>\n\n\n\n<ul class=\"wp-block-list\">\n<li>lieu de l&rsquo;\u00e9tude<\/li>\n\n\n\n<li>nom et pr\u00e9nom du notaire<\/li>\n\n\n\n<li>ann\u00e9es de d\u00e9but et fin de d\u00e9pouillement<\/li>\n\n\n\n<li>le nombre de relev\u00e9s<\/li>\n\n\n\n<li>la date de mise en ligne des relev\u00e9s<\/li>\n<\/ul>\n\n\n\n<p>Les types d&rsquo;actes disponibles dans ces relev\u00e9s sont:<\/p>\n\n\n\n<ul class=\"wp-block-list\">\n<li>contrat de mariage<\/li>\n\n\n\n<li>testament<\/li>\n<\/ul>\n\n\n\n<p class=\"has-text-align-center has-vivid-red-color has-text-color\"><\/p>\n\n\n\n<h2 class=\"wp-block-heading has-light-green-cyan-color has-text-color\"><strong>2 RELEVES DE CONTRATS DE MARIAGE (voir pages MARIAGES)<\/strong><\/h2>\n\n\n\n<p>Le relev\u00e9 d&rsquo;un contrat de mariage contient les renseignements relatifs:<\/p>\n\n\n\n<ul class=\"wp-block-list\">\n<li>au notaire: nom (n.notaire), pr\u00e9nom (p.notaire), lieu de l&rsquo;\u00e9tude (l.notaire)<\/li>\n\n\n\n<li>\u00e0 la date de l&rsquo;acte: jour, mois, ann\u00e9e<\/li>\n\n\n\n<li>\u00e0 l&rsquo;\u00e9poux: nom (n.\u00e9poux), pr\u00e9nom (p.\u00e9poux), lieu de r\u00e9sidence (l.\u00e9poux)<\/li>\n\n\n\n<li>\u00e0 l&rsquo;\u00e9pouse: nom (n.\u00e9pouse), pr\u00e9nom (p.\u00e9pouse), lieu de r\u00e9sidence (l.\u00e9pouse)<\/li>\n\n\n\n<li>aux num\u00e9ros des pages Geneanet, dans lesquelles les photos des actes ont \u00e9t\u00e9 d\u00e9pos\u00e9es<\/li>\n<\/ul>\n\n\n\n<p>La recherche d&rsquo;un contrat se fait par:<\/p>\n\n\n\n<ul class=\"wp-block-list\">\n<li>les noms et\/ ou pr\u00e9noms de l&rsquo;\u00e9poux et \/ ou de l&rsquo;\u00e9pouse<\/li>\n<\/ul>\n\n\n\n<h2 class=\"wp-block-heading has-light-green-cyan-color has-text-color\"><strong>3 RELEVES DE TESTAMENTS\/ DONATIONS\/ CODICILLES (voir pages TESTAMENTS)<\/strong><\/h2>\n\n\n\n<p>Le relev\u00e9 d&rsquo;un testament\/ donation\/ codicille contient les renseignements relatifs:<\/p>\n\n\n\n<ul class=\"wp-block-list\">\n<li>au notaire: nom (n.notaire), pr\u00e9nom (p.notaire), lieu de l&rsquo;\u00e9tude (l.notaire)<\/li>\n\n\n\n<li>\u00e0 la date de l&rsquo;acte: jour, mois, ann\u00e9e<\/li>\n\n\n\n<li>au testateur: nom (n.testateur), pr\u00e9nom (p.testateur), lieu de r\u00e9sidence (l.testateur)<\/li>\n\n\n\n<li>au conjoint(e) \u00e9ventuel(le) du testateur: nom conjoint testateur (n.conj.testateur), pr\u00e9nom conjoint testateur (p.conj.testateur). Si le conjoint est cit\u00e9<\/li>\n\n\n\n<li>aux num\u00e9ros des pages Geneanet, dans lesquelles les photos des actes ont \u00e9t\u00e9 d\u00e9pos\u00e9es<\/li>\n<\/ul>\n\n\n\n<p>La recherche d&rsquo;un testament se fait par:<\/p>\n\n\n\n<ul class=\"wp-block-list\">\n<li>les noms et\/ ou pr\u00e9noms du testateur et\/ ou du conjoint<\/li>\n<\/ul>\n\n\n\n<h2 class=\"wp-block-heading has-light-green-cyan-color has-text-color\"><strong>4 PHOTOS DES ACTES<\/strong><\/h2>\n\n\n\n<p>Les photos des actes correspondants sont disponibles dans Geneanet (https:\/\/www.geneanet.org\/) aux pages indiqu\u00e9es dans la colonne Gen pages (Geneanet pages). Pour cela faire:<\/p>\n\n\n\n<ul class=\"wp-block-list\">\n<li>s\u00e9lectionner: Projets\/ Registre<\/li>\n\n\n\n<li>indiquer le notaire d\u00e9sir\u00e9<\/li>\n\n\n\n<li>trier par: p\u00e9riode<\/li>\n\n\n\n<li>s\u00e9lectionner: l&rsquo;ann\u00e9e d\u00e9sir\u00e9e<\/li>\n\n\n\n<li>s\u00e9lectionner: la page d\u00e9sir\u00e9e<\/li>\n<\/ul>\n\n\n\n<figure class=\"wp-block-image size-large\"><img loading=\"lazy\" decoding=\"async\" width=\"1024\" height=\"147\" src=\"https:\/\/www.relevesnotairesrhone.fr\/wp-content\/uploads\/2015\/07\/3E1474-1668-00001-rogne-1-1024x147.jpg\" alt=\"\" class=\"wp-image-198\" srcset=\"https:\/\/www.relevesnotairesrhone.fr\/wp-content\/uploads\/2015\/07\/3E1474-1668-00001-rogne-1-1024x147.jpg 1024w, https:\/\/www.relevesnotairesrhone.fr\/wp-content\/uploads\/2015\/07\/3E1474-1668-00001-rogne-1-300x43.jpg 300w\" sizes=\"auto, (max-width: 1024px) 100vw, 1024px\" \/><\/figure>\n","protected":false},"excerpt":{"rendered":"<p>L&rsquo;\u00e9tablissement d&rsquo;arbres g\u00e9n\u00e9alogiques n\u00e9cessite souvent la connaissance d&rsquo;actes notari\u00e9s en compl\u00e9ment des actes relatifs \u00e0 l&rsquo;\u00e9tat civil 1 ACTES NOTARIES La liste des notaires du Rh\u00f4ne (voir pages NOTAIRES), dont les actes ont \u00e9t\u00e9 d\u00e9pouill\u00e9s, donne les renseignements suivants: Les types d&rsquo;actes disponibles dans ces relev\u00e9s sont: 2 RELEVES DE CONTRATS DE MARIAGE (voir pages [&hellip;]<\/p>\n","protected":false},"author":2,"featured_media":0,"parent":0,"menu_order":0,"comment_status":"open","ping_status":"closed","template":"","meta":{"_monsterinsights_skip_tracking":false,"_monsterinsights_sitenote_active":false,"_monsterinsights_sitenote_note":"","_monsterinsights_sitenote_category":0,"site-sidebar-layout":"default","site-content-layout":"","ast-site-content-layout":"default","site-content-style":"default","site-sidebar-style":"default","ast-global-header-display":"","ast-banner-title-visibility":"","ast-main-header-display":"","ast-hfb-above-header-display":"","ast-hfb-below-header-display":"","ast-hfb-mobile-header-display":"","site-post-title":"","ast-breadcrumbs-content":"","ast-featured-img":"","footer-sml-layout":"","ast-disable-related-posts":"","theme-transparent-header-meta":"","adv-header-id-meta":"","stick-header-meta":"","header-above-stick-meta":"","header-main-stick-meta":"","header-below-stick-meta":"","astra-migrate-meta-layouts":"default","ast-page-background-enabled":"default","ast-page-background-meta":{"desktop":{"background-color":"var(--ast-global-color-4)","background-image":"","background-repeat":"repeat","background-position":"center center","background-size":"auto","background-attachment":"scroll","background-type":"","background-media":"","overlay-type":"","overlay-color":"","overlay-opacity":"","overlay-gradient":""},"tablet":{"background-color":"","background-image":"","background-repeat":"repeat","background-position":"center center","background-size":"auto","background-attachment":"scroll","background-type":"","background-media":"","overlay-type":"","overlay-color":"","overlay-opacity":"","overlay-gradient":""},"mobile":{"background-color":"","background-image":"","background-repeat":"repeat","background-position":"center center","background-size":"auto","background-attachment":"scroll","background-type":"","background-media":"","overlay-type":"","overlay-color":"","overlay-opacity":"","overlay-gradient":""}},"ast-content-background-meta":{"desktop":{"background-color":"var(--ast-global-color-5)","background-image":"","background-repeat":"repeat","background-position":"center center","background-size":"auto","background-attachment":"scroll","background-type":"","background-media":"","overlay-type":"","overlay-color":"","overlay-opacity":"","overlay-gradient":""},"tablet":{"background-color":"var(--ast-global-color-5)","background-image":"","background-repeat":"repeat","background-position":"center center","background-size":"auto","background-attachment":"scroll","background-type":"","background-media":"","overlay-type":"","overlay-color":"","overlay-opacity":"","overlay-gradient":""},"mobile":{"background-color":"var(--ast-global-color-5)","background-image":"","background-repeat":"repeat","background-position":"center center","background-size":"auto","background-attachment":"scroll","background-type":"","background-media":"","overlay-type":"","overlay-color":"","overlay-opacity":"","overlay-gradient":""}},"footnotes":""},"class_list":["post-79","page","type-page","status-publish","hentry"],"_links":{"self":[{"href":"https:\/\/www.relevesnotairesrhone.fr\/index.php?rest_route=\/wp\/v2\/pages\/79","targetHints":{"allow":["GET"]}}],"collection":[{"href":"https:\/\/www.relevesnotairesrhone.fr\/index.php?rest_route=\/wp\/v2\/pages"}],"about":[{"href":"https:\/\/www.relevesnotairesrhone.fr\/index.php?rest_route=\/wp\/v2\/types\/page"}],"author":[{"embeddable":true,"href":"https:\/\/www.relevesnotairesrhone.fr\/index.php?rest_route=\/wp\/v2\/users\/2"}],"replies":[{"embeddable":true,"href":"https:\/\/www.relevesnotairesrhone.fr\/index.php?rest_route=%2Fwp%2Fv2%2Fcomments&post=79"}],"version-history":[{"count":0,"href":"https:\/\/www.relevesnotairesrhone.fr\/index.php?rest_route=\/wp\/v2\/pages\/79\/revisions"}],"wp:attachment":[{"href":"https:\/\/www.relevesnotairesrhone.fr\/index.php?rest_route=%2Fwp%2Fv2%2Fmedia&parent=79"}],"curies":[{"name":"wp","href":"https:\/\/api.w.org\/{rel}","templated":true}]}}